{"id":2,"date":"2016-05-10T03:48:21","date_gmt":"2016-05-10T03:48:21","guid":{"rendered":"https:\/\/Vacances-Goulannou.veitsspace.de\/?page_id=2"},"modified":"2026-03-29T11:10:41","modified_gmt":"2026-03-29T11:10:41","slug":"urlaub-in-der-bretagne-ferienhaus-hinter-der-duene-von-keremma","status":"publish","type":"page","link":"https:\/\/Vacances-Goulannou.veitsspace.de\/","title":{"rendered":"Page d&#8217;Accueil &#8211; Homepage"},"content":{"rendered":"\n<h2 class=\"wp-block-heading\"><a href=\"https:\/\/veitsweb.ddns.net\">Diese Seite ist umgezogen: \u00a0 \u00a0 \u00a0 \u00a0 \u00a0 \u00a0 \u00a0 \u00a0 \u00a0 <img loading=\"lazy\" decoding=\"async\" width=\"66\" height=\"55\" src=\"https:\/\/www.veitsspace.de\/wp-content\/uploads\/2025\/02\/GE-300x251.jpeg\" alt=\"\"><\/a><\/h2>\n\n\n\n<p>Diese Seite wurde umgezogen auf <a href=\"https:\/\/veitsweb.ddns.net\">https:\/\/veitsweb.ddns.net<\/a>&nbsp;<\/p>\n\n\n\n<h2 class=\"wp-block-heading\"><a href=\"https:\/\/veitsweb.ddns.net\">Cette page est migr\u00e9 vers une nouvelle adresse:\u00a0\u00a0\u00a0\u00a0\u00a0\u00a0\u00a0\u00a0\u00a0\u00a0\u00a0\u00a0\u00a0\u00a0\u00a0\u00a0\u00a0\u00a0\u00a0 <img loading=\"lazy\" decoding=\"async\" width=\"81\" height=\"54\" src=\"https:\/\/www.veitsspace.de\/wp-content\/uploads\/2025\/02\/FR-300x199.jpeg\" alt=\"\"><\/a><\/h2>\n\n\n\n<p>Cette page est migr\u00e9 vers une nouvelle adresse: <a href=\"https:\/\/veitsweb.ddns.net\">https:\/\/veitsweb.ddns.net<\/a><\/p>\n\n\n\n<p><\/p>\n\n\n\n<p><\/p>\n\n\n\n<p><\/p>\n\n\n\n<p><\/p>\n\n\n\n<div class=\"wp-block-columns is-layout-flex wp-container-core-columns-is-layout-9d6595d7 wp-block-columns-is-layout-flex\">\n<div class=\"wp-block-column is-layout-flow wp-block-column-is-layout-flow\">\n<h2 class=\"wp-block-heading has-text-align-center\"><a href=\"https:\/\/vacances-goulannou.veitsspace.de\/?page_id=167\">Vacances en Bretagne<\/a><\/h2>\n\n\n\n<p class=\"has-text-align-center\"><a href=\"https:\/\/vacances-goulannou.veitsspace.de\/?page_id=167\">Le site en langue Fran\u00e7ais<\/a><\/p>\n\n\n<div class=\"wp-block-image\">\n<figure class=\"aligncenter size-full is-resized\"><a href=\"https:\/\/vacances-goulannou.veitsspace.de\/?page_id=167\"><img loading=\"lazy\" decoding=\"async\" width=\"582\" height=\"600\" src=\"https:\/\/Vacances-Goulannou.veitsspace.de\/wp-content\/uploads\/2023\/06\/42-02-047_frankreich-2-png.png\" alt=\"\" class=\"wp-image-230\" style=\"width:119px;height:121px\" srcset=\"https:\/\/Vacances-Goulannou.veitsspace.de\/wp-content\/uploads\/2023\/06\/42-02-047_frankreich-2-png.png 582w, https:\/\/Vacances-Goulannou.veitsspace.de\/wp-content\/uploads\/2023\/06\/42-02-047_frankreich-2-png-291x300.png 291w\" sizes=\"auto, (max-width: 582px) 100vw, 582px\" \/><\/a><\/figure>\n<\/div><\/div>\n\n\n\n<div class=\"wp-block-column is-layout-flow wp-block-column-is-layout-flow\">\n<h2 class=\"wp-block-heading has-text-align-center\"><a href=\"https:\/\/vacances-goulannou.veitsspace.de\/?page_id=210\">Urlaub in der Bretagne<\/a><\/h2>\n\n\n\n<p class=\"has-text-align-center\"><a href=\"https:\/\/vacances-goulannou.veitsspace.de\/?page_id=210\">Seite auf Deutscher Sprache<\/a><\/p>\n\n\n<div class=\"wp-block-image\">\n<figure class=\"aligncenter size-full is-resized\"><a href=\"https:\/\/vacances-goulannou.veitsspace.de\/?page_id=210\"><img loading=\"lazy\" decoding=\"async\" width=\"450\" height=\"600\" src=\"https:\/\/Vacances-Goulannou.veitsspace.de\/wp-content\/uploads\/2023\/06\/42-02-036_deutschland-png.png\" alt=\"\" class=\"wp-image-231\" style=\"width:99px;height:132px\" srcset=\"https:\/\/Vacances-Goulannou.veitsspace.de\/wp-content\/uploads\/2023\/06\/42-02-036_deutschland-png.png 450w, https:\/\/Vacances-Goulannou.veitsspace.de\/wp-content\/uploads\/2023\/06\/42-02-036_deutschland-png-225x300.png 225w\" sizes=\"auto, (max-width: 450px) 100vw, 450px\" \/><\/a><\/figure>\n<\/div><\/div>\n<\/div>\n\n\n\n<p class=\"has-text-align-center\"><a href=\"https:\/\/www.veitsspace.de\">Pour acc\u00e9der \u00e0 l&#8217;arbre g\u00e9n\u00e9alogique familles Guillerm &amp; Vonhof par ici !<\/a><\/p>\n\n\n\n<p class=\"has-text-align-center\"><a href=\"https:\/\/www.veitsspace.de\">Zugang zum Stammbaum der Familien Guillerm &amp; Vonhof hier entlang!<\/a><\/p>\n","protected":false},"excerpt":{"rendered":"<p>Diese Seite ist umgezogen: \u00a0 \u00a0 \u00a0 \u00a0 \u00a0 \u00a0 \u00a0 \u00a0 \u00a0 Diese Seite wurde umgezogen auf https:\/\/veitsweb.ddns.net&nbsp; Cette page est migr\u00e9 vers une nouvelle adresse:\u00a0\u00a0\u00a0\u00a0\u00a0\u00a0\u00a0\u00a0\u00a0\u00a0\u00a0\u00a0\u00a0\u00a0\u00a0\u00a0\u00a0\u00a0\u00a0 Cette page est migr\u00e9 vers une nouvelle adresse: https:\/\/veitsweb.ddns.net Vacances en Bretagne Le site en langue Fran\u00e7ais Urlaub in der Bretagne Seite auf Deutscher Sprache Pour acc\u00e9der \u00e0&hellip; <a class=\"more-link\" href=\"https:\/\/Vacances-Goulannou.veitsspace.de\/\"><span class=\"screen-reader-text\">Page d&#8217;Accueil &#8211; Homepage<\/span> weiterlesen<\/a><\/p>\n","protected":false},"author":1,"featured_media":0,"parent":0,"menu_order":0,"comment_status":"open","ping_status":"closed","template":"","meta":{"footnotes":""},"class_list":["post-2","page","type-page","status-publish","hentry","entry"],"_links":{"self":[{"href":"https:\/\/Vacances-Goulannou.veitsspace.de\/index.php?rest_route=\/wp\/v2\/pages\/2","targetHints":{"allow":["GET"]}}],"collection":[{"href":"https:\/\/Vacances-Goulannou.veitsspace.de\/index.php?rest_route=\/wp\/v2\/pages"}],"about":[{"href":"https:\/\/Vacances-Goulannou.veitsspace.de\/index.php?rest_route=\/wp\/v2\/types\/page"}],"author":[{"embeddable":true,"href":"https:\/\/Vacances-Goulannou.veitsspace.de\/index.php?rest_route=\/wp\/v2\/users\/1"}],"replies":[{"embeddable":true,"href":"https:\/\/Vacances-Goulannou.veitsspace.de\/index.php?rest_route=%2Fwp%2Fv2%2Fcomments&post=2"}],"version-history":[{"count":60,"href":"https:\/\/Vacances-Goulannou.veitsspace.de\/index.php?rest_route=\/wp\/v2\/pages\/2\/revisions"}],"predecessor-version":[{"id":373,"href":"https:\/\/Vacances-Goulannou.veitsspace.de\/index.php?rest_route=\/wp\/v2\/pages\/2\/revisions\/373"}],"wp:attachment":[{"href":"https:\/\/Vacances-Goulannou.veitsspace.de\/index.php?rest_route=%2Fwp%2Fv2%2Fmedia&parent=2"}],"curies":[{"name":"wp","href":"https:\/\/api.w.org\/{rel}","templated":true}]}}